{"id":2,"date":"2016-05-10T03:48:21","date_gmt":"2016-05-10T03:48:21","guid":{"rendered":"https:\/\/www.dj-trautsch.de\/?page_id=2"},"modified":"2019-07-23T14:34:22","modified_gmt":"2019-07-23T14:34:22","slug":"sample-page","status":"publish","type":"page","link":"https:\/\/www.dj-trautsch.de\/?page_id=2","title":{"rendered":"Leistungen"},"content":{"rendered":"<h3>Musik, Unterhaltung &amp; Spa\u00df<\/h3>\n<p><span class=\"s1\">Was auch immer Sie f\u00fcr ein Event planen, ob Hochzeit oder Polterabend, Kirmes oder Konfirmation, Firmenevent oder Tanz, Sommerfest oder Weihnachtsfeier, Geburtstag oder goldene Hochzeit. DJ Trautsch ist Ihre mobile Diskothek f\u00fcr Th\u00fcringen.\u00a0<\/span><\/p>\n<blockquote><p>Als DJ und Unterhaltungsk\u00fcnstler biete ich seit vielen Jahren vielseitige Unterhaltung f\u00fcr Jung und Alt<\/p><\/blockquote>\n<p>Mit Zuverl\u00e4ssigkeit, Kreativit\u00e4t und professioneller Licht- &amp; Tontechnik biete ich Ihnen f\u00fcr Ihre Veranstaltung individuelle L\u00f6sung im Bereich Musik, Unterhaltung und Lichttechnik.<\/p>\n<p><img loading=\"lazy\" decoding=\"async\" class=\"alignnone wp-image-88\" style=\"font-size: 18px;\" src=\"https:\/\/www.dj-trautsch.de\/wp-content\/uploads\/2019\/07\/dj-trautsch-saalfeld-ihr-dj-300x220.jpg\" alt=\"\" width=\"472\" height=\"346\" srcset=\"https:\/\/www.dj-trautsch.de\/wp-content\/uploads\/2019\/07\/dj-trautsch-saalfeld-ihr-dj-300x220.jpg 300w, https:\/\/www.dj-trautsch.de\/wp-content\/uploads\/2019\/07\/dj-trautsch-saalfeld-ihr-dj-768x562.jpg 768w, https:\/\/www.dj-trautsch.de\/wp-content\/uploads\/2019\/07\/dj-trautsch-saalfeld-ihr-dj-1024x749.jpg 1024w, https:\/\/www.dj-trautsch.de\/wp-content\/uploads\/2019\/07\/dj-trautsch-saalfeld-ihr-dj-1476x1080.jpg 1476w\" sizes=\"auto, (max-width: 472px) 100vw, 472px\" \/><img loading=\"lazy\" decoding=\"async\" class=\"alignnone wp-image-85\" src=\"https:\/\/www.dj-trautsch.de\/wp-content\/uploads\/2019\/07\/dj-trautsch-saalfeld-300x166.jpg\" alt=\"\" width=\"623\" height=\"345\" srcset=\"https:\/\/www.dj-trautsch.de\/wp-content\/uploads\/2019\/07\/dj-trautsch-saalfeld-300x166.jpg 300w, https:\/\/www.dj-trautsch.de\/wp-content\/uploads\/2019\/07\/dj-trautsch-saalfeld-768x424.jpg 768w, https:\/\/www.dj-trautsch.de\/wp-content\/uploads\/2019\/07\/dj-trautsch-saalfeld-1024x565.jpg 1024w, https:\/\/www.dj-trautsch.de\/wp-content\/uploads\/2019\/07\/dj-trautsch-saalfeld-1920x1060.jpg 1920w\" sizes=\"auto, (max-width: 623px) 100vw, 623px\" \/><\/p>\n<p class=\"p1\">\n","protected":false},"excerpt":{"rendered":"<p>Musik, Unterhaltung &amp; Spa\u00df Was auch immer Sie f\u00fcr ein Event planen, ob Hochzeit oder Polterabend, Kirmes oder Konfirmation, Firmenevent oder Tanz, Sommerfest oder Weihnachtsfeier, Geburtstag oder goldene Hochzeit. DJ Trautsch ist Ihre mobile Diskothek f\u00fcr Th\u00fcringen.\u00a0 Als DJ und Unterhaltungsk\u00fcnstler biete ich seit vielen Jahren vielseitige Unterhaltung f\u00fcr Jung und Alt Mit Zuverl\u00e4ssigkeit, Kreativit\u00e4t&hellip; <br \/> <a class=\"button small blue\" href=\"https:\/\/www.dj-trautsch.de\/?page_id=2\">Weiterlesen<\/a><\/p>\n","protected":false},"author":1,"featured_media":85,"parent":0,"menu_order":0,"comment_status":"closed","ping_status":"closed","template":"","meta":{"footnotes":""},"class_list":["post-2","page","type-page","status-publish","has-post-thumbnail","hentry"],"_links":{"self":[{"href":"https:\/\/www.dj-trautsch.de\/index.php?rest_route=\/wp\/v2\/pages\/2","targetHints":{"allow":["GET"]}}],"collection":[{"href":"https:\/\/www.dj-trautsch.de\/index.php?rest_route=\/wp\/v2\/pages"}],"about":[{"href":"https:\/\/www.dj-trautsch.de\/index.php?rest_route=\/wp\/v2\/types\/page"}],"author":[{"embeddable":true,"href":"https:\/\/www.dj-trautsch.de\/index.php?rest_route=\/wp\/v2\/users\/1"}],"replies":[{"embeddable":true,"href":"https:\/\/www.dj-trautsch.de\/index.php?rest_route=%2Fwp%2Fv2%2Fcomments&post=2"}],"version-history":[{"count":8,"href":"https:\/\/www.dj-trautsch.de\/index.php?rest_route=\/wp\/v2\/pages\/2\/revisions"}],"predecessor-version":[{"id":89,"href":"https:\/\/www.dj-trautsch.de\/index.php?rest_route=\/wp\/v2\/pages\/2\/revisions\/89"}],"wp:featuredmedia":[{"embeddable":true,"href":"https:\/\/www.dj-trautsch.de\/index.php?rest_route=\/wp\/v2\/media\/85"}],"wp:attachment":[{"href":"https:\/\/www.dj-trautsch.de\/index.php?rest_route=%2Fwp%2Fv2%2Fmedia&parent=2"}],"curies":[{"name":"wp","href":"https:\/\/api.w.org\/{rel}","templated":true}]}}