{"id":14,"date":"2019-05-11T05:27:04","date_gmt":"2019-05-11T05:27:04","guid":{"rendered":"https:\/\/www.dj-trautsch.de\/?page_id=14"},"modified":"2024-07-27T18:18:43","modified_gmt":"2024-07-27T18:18:43","slug":"one-page-express","status":"publish","type":"page","link":"https:\/\/www.dj-trautsch.de\/","title":{"rendered":"Home"},"content":{"rendered":"<div  id=\"overlapable-2\" style=\"background-color: #ffffff;\" data-label=\"Overlapable\" data-id=\"stripped-coloured-icon-boxes\" data-category=\"overlapable\" class=\"features-coloured-icon-boxes-section\" data-overlap=\"true\">\n<div  class=\"gridContainer\">\n<div  class=\"features-coloured-icon-boxes-innerrow flexbox-list dark-text\" data-type=\"row\">\n<div  class=\"features-coloured-icon-boxes-featurecol cp3cols\">\n<div  class=\"features-coloured-icon-boxes-iconcontainer\" data-content-item-container=\"true\"><i  class=\"features-coloured-icon fa fa-play-circle-o\" data-cp-fa=\"true\"><\/i><\/div>\n<h4  class=\"\">Leistungen<\/h4>\n<p  class=\"\">Wir machen aus Ihrer Feier ein unvergessliches Highlight.<\/p>\nUnser Team sorgt dass Sie und Ihre G\u00e4ste ausgelassen feiern und viel tanzen.\n\n<a class=\"features-coloured-button\" href=\"https:\/\/www.dj-trautsch.de?page_id=2\" target=\"_self\" rel=\"noopener noreferrer\">Unsere Leistungen<\/a>\n\n<\/div>\n<div  class=\"features-coloured-icon-boxes-featurecol cp3cols\">\n<div  class=\"features-coloured-icon-boxes-iconcontainer\" data-content-item-container=\"true\"><i  class=\"features-coloured-icon fa fa-rocket\" data-cp-fa=\"true\"><\/i><\/div>\n<h4  class=\"\">Vermietung<\/h4>\n<p  class=\"\">Egal ob es gem\u00fctliche Familienfeier mit ca. 20 Personen ist, oder ein Gro\u00dfevent. F\u00fcr Ihre Party habe ich das passende Equipment.<\/p>\n<a class=\"features-coloured-button\" href=\"https:\/\/www.dj-trautsch.de?page_id=10\" target=\"_self\" rel=\"noopener noreferrer\">Vermietungsservice<\/a>\n\n<\/div>\n<div  class=\"features-coloured-icon-boxes-featurecol cp3cols\">\n<div  class=\"features-coloured-icon-boxes-iconcontainer\" data-content-item-container=\"true\"><i  class=\"features-coloured-icon fa fa-photo\" data-cp-fa=\"true\"><\/i><\/div>\n<h4  class=\"\">Veranstaltungsservice<\/h4>\n<p  class=\"\">Keine Lust die Party selbst zu planen? Kein Problem, wir \u00fcbernehmen das f\u00fcr Sie.<\/p>\n<a class=\"features-coloured-button\" href=\"https:\/\/www.dj-trautsch.de?page_id=49\" target=\"_self\" rel=\"noopener noreferrer\">Mehr Infos<\/a>\n\n<\/div>\n<div  class=\"features-coloured-icon-boxes-featurecol cp3cols\">\n<div  class=\"features-coloured-icon-boxes-iconcontainer\" data-content-item-container=\"true\"><i  class=\"features-coloured-icon fa fa-pencil-square-o\" data-cp-fa=\"true\"><\/i><\/div>\n<h4  class=\"\">Kontakt<\/h4>\n<p  class=\"\">Hier gehts zum Kontakformular.<\/p>\nSelbstverst\u00e4ndlich ist das f\u00fcr Sie kostenlos, unverbindlich und vertraulich.\n\n<a class=\"features-coloured-button\" href=\"https:\/\/www.dj-trautsch.de?page_id=12\" target=\"_self\" rel=\"noopener noreferrer\">Kontaktformular<\/a>\n\n<\/div>\n<\/div>\n<\/div>\n<\/div><div  id=\"uebermich\" style=\"background-color: #f6f6f6;\" data-label=\"uebermich\" data-id=\"about-big-images-section\" data-category=\"about\" class=\"about-big-images-section\">\n<div  class=\"gridContainer\">\n<div  class=\"about-big-images-textrow\">\n<div  class=\"about-big-images-textcol dynamic-color\" data-type=\"column\">\n<h5  class=\"\">DJ Trautsch<\/h5>\n<h3  class=\"\">Ihr DJ f\u00fcr Musik, Unterhaltung &amp; Spa\u00df<\/h3>\n&nbsp;\n\n<\/div>\n<\/div>\n<\/div>\n<div  class=\"about-big-images-bottomrow\">\n<div  class=\"about-big-images-leftimgcol\"><img  decoding=\"async\" class=\"about-big-images-leftimg\" src=\"https:\/\/www.dj-trautsch.de\/wp-content\/uploads\/2019\/07\/dj-trautsch-saalfeld.jpg\"><\/div>\n<div  class=\"about-big-images-centerimgcol\"><img  decoding=\"async\" class=\"about-big-images-centerimg\" src=\"https:\/\/www.dj-trautsch.de\/wp-content\/uploads\/2019\/07\/pc.jpg\"><\/div>\n<div  class=\"about-big-images-rightimgcol\"><img  decoding=\"async\" class=\"about-big-images-rightimg\" src=\"https:\/\/www.dj-trautsch.de\/wp-content\/uploads\/2019\/07\/dj-hand-trautsch.jpg\"><\/div>\n<\/div>\n<\/div><div  id=\"content-4\" style=\"background-color: #f6f6f6;\" data-label=\"Content\" data-id=\"content-image-right\" data-category=\"content\" class=\"content-right-image-section\">\n<div  class=\"gridContainer\">\n<div  class=\"content-right-image-gridcol\">\n<div  class=\"content-right-image-textcol dynamic-color\" data-type=\"column\">\n<h2  class=\"\">Unser Veranstaltungskalender<\/h2>\n<a class=\"button blue\" href=\"https:\/\/www.dj-trautsch.de?page_id=4\" target=\"_self\" rel=\"noopener noreferrer\"> Kalender <\/a>\n\n<\/div>\n<div  class=\"content-right-image-imgcol\" data-type=\"column\"><\/div>\n<\/div>\n<\/div>\n<\/div><div  id=\"cta-1\" data-label=\"Call to action\" data-id=\"cta-blue-section\" data-category=\"cta\" class=\"cta-blue-section\">\n<div  class=\"gridContainer\">\n<div  class=\"flexbox-list flexbox-list-align-center row\">\n<div  class=\"cta-blue-textcol dynamic-color\">\n<h2  class=\"cta-blue-text\"><b  class=\"element2\">Unsere Leistungen im \u00dcberblick&nbsp;<\/b><\/h2>\n<\/div>\n<div  class=\"cta-blue-btncol\"><a class=\"button big yellow dark-text\" href=\"https:\/\/www.dj-trautsch.de?page_id=12\" target=\"_self\" rel=\"noopener noreferrer\"> Kontakt <\/a><\/div>\n<\/div>\n<\/div>\n<\/div><div  data-label=\"Portfolio\" data-id=\"portfolio-full-section\" data-category=\"portfolio\" id=\"portfolio-2\" class=\"portfolio-full-section\" style=\"background-color: #ffffff;\">\n<div  class=\"portfolio-full-section\" data-type=\"row\">\n\n<div  class=\"portfolio-full-projectco cp4cols cp4cols-tablet\">\n<div  class=\"contentswap-effect ContentSwap103\" hover-fx=\"ContentSwap103\" id=\"ContentSwap103\" is-hovered=\"1\">\n<div  class=\"ContentSwap103_content initial-image\"><img  decoding=\"async\" class=\"portfolio-full-projectimg\" data-size=\"1200x800\" src=\"https:\/\/www.dj-trautsch.de\/wp-content\/uploads\/2019\/07\/cropped-pc.jpg\"><\/div>\n<div  class=\"overlay\" style=\"display: block; opacity: 1;\"><\/div>\n<div  class=\"swap-inner\" style=\"opacity: 1; display: block;\">\n<div  class=\"ContentSwap103-center\">\n<h4  class=\"protfolio-full-itemtitle\">Unsere Leistungen<\/h4>\n<a class=\"button yellow\" href=\"https:\/\/www.dj-trautsch.de?page_id=2\" target=\"_self\" rel=\"noopener noreferrer\">Hier findet unser Portfolio<\/a>\n\n<\/div>\n<\/div>\n<\/div>\n<\/div>\n<\/div>\n<\/div>","protected":false},"excerpt":{"rendered":"<p>Leistungen Wir machen aus Ihrer Feier ein unvergessliches Highlight. Unser Team sorgt dass Sie und Ihre G\u00e4ste ausgelassen feiern und viel tanzen. Unsere Leistungen Vermietung Egal ob es gem\u00fctliche Familienfeier mit ca. 20 Personen ist, oder ein Gro\u00dfevent. F\u00fcr Ihre Party habe ich das passende Equipment. Vermietungsservice Veranstaltungsservice Keine Lust die Party selbst zu planen?&hellip; <br \/> <a class=\"button small blue\" href=\"https:\/\/www.dj-trautsch.de\/\">Weiterlesen<\/a><\/p>\n","protected":false},"author":1,"featured_media":0,"parent":0,"menu_order":0,"comment_status":"closed","ping_status":"closed","template":"","meta":{"footnotes":""},"class_list":["post-14","page","type-page","status-publish","hentry"],"_links":{"self":[{"href":"https:\/\/www.dj-trautsch.de\/index.php?rest_route=\/wp\/v2\/pages\/14","targetHints":{"allow":["GET"]}}],"collection":[{"href":"https:\/\/www.dj-trautsch.de\/index.php?rest_route=\/wp\/v2\/pages"}],"about":[{"href":"https:\/\/www.dj-trautsch.de\/index.php?rest_route=\/wp\/v2\/types\/page"}],"author":[{"embeddable":true,"href":"https:\/\/www.dj-trautsch.de\/index.php?rest_route=\/wp\/v2\/users\/1"}],"replies":[{"embeddable":true,"href":"https:\/\/www.dj-trautsch.de\/index.php?rest_route=%2Fwp%2Fv2%2Fcomments&post=14"}],"version-history":[{"count":21,"href":"https:\/\/www.dj-trautsch.de\/index.php?rest_route=\/wp\/v2\/pages\/14\/revisions"}],"predecessor-version":[{"id":227,"href":"https:\/\/www.dj-trautsch.de\/index.php?rest_route=\/wp\/v2\/pages\/14\/revisions\/227"}],"wp:attachment":[{"href":"https:\/\/www.dj-trautsch.de\/index.php?rest_route=%2Fwp%2Fv2%2Fmedia&parent=14"}],"curies":[{"name":"wp","href":"https:\/\/api.w.org\/{rel}","templated":true}]}}