{"id":139,"date":"2019-09-06T20:30:06","date_gmt":"2019-09-06T20:30:06","guid":{"rendered":"https:\/\/www.dj-trautsch.de\/?page_id=139"},"modified":"2019-09-06T20:30:06","modified_gmt":"2019-09-06T20:30:06","slug":"agb","status":"publish","type":"page","link":"https:\/\/www.dj-trautsch.de\/?page_id=139","title":{"rendered":"AGB"},"content":{"rendered":"<p>Allgemeine Gesch\u00e4ftsbedingungen<br \/>\n\u00a7 1 Der Veranstalter schlie\u00dft mit dem DJ einen Veranstaltungsvertrag ab,<br \/>\nin diesem er den K\u00fcnstler f\u00fcr ein Konzert \/ Engagement zu einem festen<br \/>\nTermin (unter Angabe des Spielbeginns und der Mindestspielzeit, des<br \/>\nAnlasses, der Anzahl der geladenen G\u00e4ste) engagiert.<br \/>\n\u00a7 2 In dem Veranstaltungsvertrag wird die garantierte Gage (Mindestspielzeit)<br \/>\nund die weiteren Kosten f\u00fcr fortlaufende Spielstunden festgeschrieben<br \/>\n\u2013 ebenfalls eventuell anfallenden Spesen und Werbungskosten.<br \/>\nAus steuerrechtlichen Gr\u00fcnden, gem\u00e4\u00df \u00a7 19 Absatz 1 Umsatzsteuergesetz,<br \/>\nist der DJ Phillip Trautsch befreit von der Abf\u00fchrung der<br \/>\nUmsatzsteuer (ohne Mehrwertsteuer \u2013 brutto = netto). Veranstalter<br \/>\nerhalten eine Rechnung. Bei privaten Veranstaltungen wird die Gage nach<br \/>\nSpielende bar an den Musiker bezahlt. Firmen haben die M\u00f6glichkeit nach<br \/>\nErhalt der Rechnung den darin auf-gef\u00fchrten Betrag binnen 14 Werktage<br \/>\nzu \u00fcberweisen. Wird das Zahlungsziel nicht eingehalten, so wird dem<br \/>\nVeranstalter f\u00fcr die Zeit der Zahlungsverz\u00f6gerung der jeweils bank\u00fcbliche<br \/>\nZinssatz f\u00fcr Anleihen berechnet.<br \/>\n\u00a7 3 Der K\u00fcnstler ist in der k\u00fcnstlerischen Ausgestaltung und Darbietung<br \/>\nseines Programms frei. Die Art der musikalischen Darbietung wird im<br \/>\nVertrag festgeschrieben. F\u00fcr die Abf\u00fchrung der GEMA-Geb\u00fchren ist<br \/>\nausschlie\u00dflich der Veranstalter zust\u00e4ndig. Hierf\u00fcr erh\u00e4lt dieser vom<br \/>\nMusiker auf Anfrage nachtr\u00e4glich eine Liste der gespielten Titel. Mehr<br \/>\nInformationen unter: www.gema.de<br \/>\n\u00a7 4 Gagen und Konditionen 1.) Der K\u00fcnstler wird in einem zeitlich<br \/>\nfestgelegten Rahmen engagiert Vom Spielbeginn an spielt der Musiker<br \/>\nfortlaufend die mit dem Veranstalter vereinbarten Lieder in der jeweiligen<br \/>\nL\u00e4nge. 2). Je nachdem f\u00fcr welchen musikalischen Rahmen der Musiker<br \/>\ngebucht wird, reist dieser minimal 1,5 Stunden, maximal 3 Stunden vor<br \/>\ndem mit dem Veranstalter vereinbarten Spielbeginn an und baut seine f\u00fcr<br \/>\ndie Veranstaltung erforderliche Technik auf. In dem Fall, dass der Musiker<br \/>\ndie Technik vorzeitig aufbauen muss (z. B, bei sp\u00e4terem Spielbeginn als<br \/>\nVeranstaltungser\u00f6ffnung), so wird diese Zeit zus\u00e4tzlich mit 50 % des<br \/>\nGagensatzes berechnet. 3.) Der Musiker schlie\u00dft mit dem Veranstalter<br \/>\neinen Veranstaltungsvertrag ab. Eine zuvor vom Veranstalter m\u00fcndliche<br \/>\nBest\u00e4tigung oder terminliche Zusage per Email gilt bereits als verbindliche<br \/>\nBuchung, auch wenn hierzu noch kein Vertrag unterschrieben wurde.<br \/>\nSollte das vertraglich vereinbarte Engagement von Veranstalter Seite nicht<br \/>\nzu Stande kommen gelten folgende Verdienstausfall S\u00e4tzen: Absage 4<br \/>\nWochen vor Veranstaltung: 0% Gage f\u00e4llig Absage mehr als 3 Wochen vor<br \/>\nVeranstaltung: 40% Gage f\u00e4llig Absage 3 Wochen vor Veranstaltung: 45%<br \/>\nGage f\u00e4llig Absage 2 Wochen vor Veranstaltung: 50% Gage f\u00e4llig Absage<br \/>\n1 Woche vor Veranstaltung: 65% Gage f\u00e4llig Absage 1 Tag vor<br \/>\nVeranstaltung: 80% Absage am Tag der Veranstaltung: 100% Diese<br \/>\nGeb\u00fchr wird unmittelbar nach Erhalt der Stornierung in Rechnung gestellt.<br \/>\nAus Kulanz kann der Musiker auf diese Regelung verzichten, wenn er f\u00fcr<br \/>\nden gebuchten Termin ein weiteres Engagement in ansatzweise gleicher<br \/>\nGagenh\u00f6he verbuchen kann. In diesem Fall wird die vom Kunden bereits<br \/>\nverrichtete Stornogeb\u00fchr wieder erstattet. 4.) Der K\u00fcnstler dagegen<br \/>\nverpflichtet sich ebenfalls die im Vertrag fest-gehaltenen Vereinbarungen<br \/>\neinzuhalten. F\u00fcr Ausf\u00e4lle, die aufgrund h\u00f6herer Gewalt (z.B. Krankheit,<br \/>\nAutopanne, technisches Versagen, Wetter, Stau, beh\u00f6rdliche<br \/>\nMa\u00dfnahmen, Streik, etc.) verursacht sind, \u00fcbernimmt der K\u00fcnstler keine<br \/>\nHaftung. Jedoch wird sich in diesem Fall der Musiker (unverbindlich \/ ohne<br \/>\nGew\u00e4hr), insofern es ihm m\u00f6glich ist, um einen angemessen Ersatz<br \/>\nbem\u00fchen. Bei einem vollst\u00e4ndigen Ausfall, den der K\u00fcnstler zu<br \/>\nverantworten hat, ist der Veranstalter nicht zur Zahlung der Gage nach \u00a7 2<br \/>\nverpflichtet. Grunds\u00e4tzlich plant der Musiker bei seinem Reiseantritt einen<br \/>\nzeitlichen Spielraum mit ein, so dass kleinere, eventuell auftretende<br \/>\nEreignisse, zu keiner Spielbeginn Verz\u00f6gerung f\u00fchren w\u00fcrden. F\u00fcr einen<br \/>\nversp\u00e4teten Engagement Beginn (bis 40 % der vereinbarten Spielzeit), z.B.<br \/>\naufgrund von Autopannen, Staus etc., der nicht auf Vorsatz oder<br \/>\nFahrl\u00e4ssigkeit beruht, \u00fcbernimmt der Musiker keine Haftung. Bezahlt wird<br \/>\nauch in diesem Fall die vertraglich vereinbarte Mindestgage, wobei der<br \/>\nMusiker diese fehlende Zeit an die Mindestspielzeit anzuh\u00e4ngen hat (ohne<br \/>\nMehrkostenberechnung). Sollte die Veranstaltung dennoch vorher<br \/>\nbeendet werden, berechnet der Musiker die volle Mindestgage.<br \/>\n\u00a7 5 Technische Bedingungen | Aufbauregelung 1). Der Veranstalter hat<br \/>\ndaf\u00fcr Sorge zu tragen, dass der Veranstaltungsort f\u00fcr den Musiker gem\u00e4\u00df<br \/>\n\u00a7 5.2 rechtzeitig zum Aufbau begehbar ist und dass er oder eine von ihm<br \/>\nbenannte Person entscheidungsbefugt und als Ansprechpartner anwesend<br \/>\nist (bei Veranstaltungen z.B. im gastronomischen Bereich ist es in den<br \/>\nmeisten F\u00e4llen das Personal vor Ort). 2.) Der Veranstalter hat daf\u00fcr Sorge<br \/>\nzu tragen, dass der Darbietungsbereich des K\u00fcnstlers ausreichend<br \/>\nwetterfest (Regen, Wind und Sonne) bedacht ist. 3). Der Veranstalter<br \/>\nsorgt f\u00fcr ausreichend Stromanschl\u00fcsse in B\u00fchnenn\u00e4he. In der Regel reicht<br \/>\neine Steckdose mit 220 Volt Normalstrom aus 4.) Der Veranstalter muss<br \/>\nsich im Vorfeld \u00fcber die r\u00e4umlichen Gegebenheiten am Veranstaltungsort<br \/>\nerkundigen und einen geeigneten Stellplatz f\u00fcr den Musiker festlegen. Das<br \/>\nvor Ort ans\u00e4ssige Personal muss hier\u00fcber informiert worden sein. Der<br \/>\nVeranstalter kann diese Entscheidung auch in die H\u00e4nde des Musikers und<br \/>\ndes Personals vor Ort legen (im gastronomischen Bereich). Dennoch hat er<br \/>\nf\u00fcr die in den \u00a7 5.2 \u2013 5.3 beschriebenen Voraussetzungen Sorge zu tragen.<br \/>\n5.) Wenn der Musiker sein Equipment an einem bestimmten Ort (wie in \u00a7<br \/>\n5.2 &#8211; 4 beschrieben) aufgebaut hat, ist eine Umbauma\u00dfnahme in der Regel<br \/>\nnicht mehr m\u00f6glich. Sollte ein Umbau zwischen-zeitig statt-finden (z.B.<br \/>\nEmpfang drau\u00dfen, Dinnermusik drinnen), so muss dies im Vorfeld mit dem<br \/>\nMusiker besprochen und vertraglich aufgenommen worden sein. Sollte<br \/>\neine Umbauma\u00dfnahe, entgegen den vertraglichen Vereinbarungen,<br \/>\ndennoch nachtr\u00e4glich gew\u00fcnscht werden, so muss dies der Musiker unter<br \/>\nBer\u00fccksichtigung der technischen M\u00f6glichkeiten abw\u00e4gen und endg\u00fcltig<br \/>\nbeschlie\u00dfen. Eine zus\u00e4tzliche Umbauma\u00dfnahme ist in jedem Fall auch mit<br \/>\nzus\u00e4tzlichen Aufwendungen und Kosten verbunden. Je nach Aufwand<br \/>\nliegen diese Kosten bei mindestens 50 Euro.<br \/>\n\u00a7 6 Der K\u00fcnstler kann dem Veranstalter eine Liste mit Personen vor-legen,<br \/>\ndie als G\u00e4ste des K\u00fcnstlers freien Eintritt zur Veranstaltung haben, ohne<br \/>\ndass dadurch dem K\u00fcnstler Kosten entstehen (gilt nur f\u00fcr \u00f6ffentliche<br \/>\nKonzerte, bei denen Eintrittsgelder eingenommen werden &#8211; nicht f\u00fcr<br \/>\nprivate oder betriebliche Feiern).<br \/>\n\u00a7 7 Getr\u00e4nke und Speisen sind zum Konzert f\u00fcr den Musiker im normalen<br \/>\nMa\u00dfe frei (gleiche Speisen und Getr\u00e4nke wie f\u00fcr die G\u00e4ste des<br \/>\nVeranstalters).<br \/>\n\u00a7 8 Beide Vertragspartner erkl\u00e4ren, zu rechtsverbindlichen<br \/>\nVertragsabschl\u00fcssen berechtigt zu sein. Durch ihre Unterschrift erkennen<br \/>\nbeide Vertragspartner die allgemeinen Gesch\u00e4ftsbedingungen und die<br \/>\nInhalte des Vertrags an. Der unterzeichnende Veranstalter haftet auch<br \/>\npers\u00f6nlich f\u00fcr das Einhalten des Vertrages und best\u00e4tigt gleichfalls durch<br \/>\nseine Unterschrift, dass er f\u00fcr etwaige Sch\u00e4den im Rahmen der<br \/>\nVeranstaltung ausreichend \u00fcber eine Haftpflichtversicherung versichert ist<br \/>\n(f\u00fcr die pers\u00f6nliche Sicherheit des Musikers an dem Veranstaltungsort<br \/>\nsowie f\u00fcr Sch\u00e4den an dem Equipment des Musikers, die durch Dritte im<br \/>\nVerantwortungsbereich des Veranstalters entstehen, haftet dieser nach<br \/>\nMa\u00dfgabe des BGB). Beide Vertragspartner vereinbaren Stillschweigen<br \/>\n\u00fcber die getroffenen Vereinbarungen gegen\u00fcber Dritten zu halten.<br \/>\n\u00a7 9 Sollten einzelne Bestandteile dieser AGB juristisch anfechtbar oder<br \/>\nunwirksam sein, so wird mit der vertraglichen Unterzeichnung vereinbart,<br \/>\nim \u00dcbrigen an der G\u00fcltigkeit dieser festzuhalten. \u00c4nderungen und<br \/>\nErg\u00e4nzungen der AGB oder des aufgesetzten Vertrages bed\u00fcrfen der<br \/>\nG\u00fcltigkeit halber der Schriftform. Sie d\u00fcrfen nicht im Nachhinein<br \/>\nnachtr\u00e4glich vorgenommen werden. Die AGB und die Rechtsbeziehung des<br \/>\nabgeschlossenen Vertrages unterliegen dem Recht der Bundesrepublik<br \/>\nDeutschland.<br \/>\nAktueller Stand: 02. Januar 2016<\/p>\n","protected":false},"excerpt":{"rendered":"<p>Allgemeine Gesch\u00e4ftsbedingungen \u00a7 1 Der Veranstalter schlie\u00dft mit dem DJ einen Veranstaltungsvertrag ab, in diesem er den K\u00fcnstler f\u00fcr ein Konzert \/ Engagement zu einem festen Termin (unter Angabe des Spielbeginns und der Mindestspielzeit, des Anlasses, der Anzahl der geladenen G\u00e4ste) engagiert. \u00a7 2 In dem Veranstaltungsvertrag wird die garantierte Gage (Mindestspielzeit) und die weiteren&hellip; <br \/> <a class=\"button small blue\" href=\"https:\/\/www.dj-trautsch.de\/?page_id=139\">Weiterlesen<\/a><\/p>\n","protected":false},"author":1,"featured_media":0,"parent":0,"menu_order":0,"comment_status":"closed","ping_status":"closed","template":"","meta":{"footnotes":""},"class_list":["post-139","page","type-page","status-publish","hentry"],"_links":{"self":[{"href":"https:\/\/www.dj-trautsch.de\/index.php?rest_route=\/wp\/v2\/pages\/139","targetHints":{"allow":["GET"]}}],"collection":[{"href":"https:\/\/www.dj-trautsch.de\/index.php?rest_route=\/wp\/v2\/pages"}],"about":[{"href":"https:\/\/www.dj-trautsch.de\/index.php?rest_route=\/wp\/v2\/types\/page"}],"author":[{"embeddable":true,"href":"https:\/\/www.dj-trautsch.de\/index.php?rest_route=\/wp\/v2\/users\/1"}],"replies":[{"embeddable":true,"href":"https:\/\/www.dj-trautsch.de\/index.php?rest_route=%2Fwp%2Fv2%2Fcomments&post=139"}],"version-history":[{"count":1,"href":"https:\/\/www.dj-trautsch.de\/index.php?rest_route=\/wp\/v2\/pages\/139\/revisions"}],"predecessor-version":[{"id":141,"href":"https:\/\/www.dj-trautsch.de\/index.php?rest_route=\/wp\/v2\/pages\/139\/revisions\/141"}],"wp:attachment":[{"href":"https:\/\/www.dj-trautsch.de\/index.php?rest_route=%2Fwp%2Fv2%2Fmedia&parent=139"}],"curies":[{"name":"wp","href":"https:\/\/api.w.org\/{rel}","templated":true}]}}