{"id":10,"date":"2019-05-10T12:15:35","date_gmt":"2019-05-10T12:15:35","guid":{"rendered":"https:\/\/www.dj-trautsch.de\/?page_id=10"},"modified":"2025-01-09T08:05:22","modified_gmt":"2025-01-09T08:05:22","slug":"technik","status":"publish","type":"page","link":"https:\/\/www.dj-trautsch.de\/?page_id=10","title":{"rendered":"Vermietung"},"content":{"rendered":"<p>Sie m\u00f6chten Ihre Feier selbst organisieren und es fehlt Ihnen nur an der Technik?<\/p>\n<p><strong>Mieten Sie professionelle Licht- &amp; Tontechnik f\u00fcr Ihre Veranstaltung.<\/strong><\/p>\n<p>Wir haben einen kleinen, aber feines Sortiment an Leihger\u00e4ten zusammengestellt, welche Sie Sich, das entsprechende technische Grundverst\u00e4ndnis vorausgesetzt, f\u00fcr Ihre Veranstaltung zum g\u00fcnstigen Festpreis ausleihen k\u00f6nnen.\u00a0 Sie k\u00f6nnen die Technik gern selbst in unserem Lager in Saalfeld\/Gorndorf abholen, wir liefern aber auch an Ihren Eventort.<\/p>\n<p><b>Wir verleihen untschiedlichste Technik und Equipment.<\/b> Tontechnik, Lichttechnik, Traversen, Eventzubeh\u00f6r, unser umfangreicher Technikbestand sichert die Qualit\u00e4t Ihrer Veranstaltung.<\/p>\n<p>Nach telefonischer Absprache oder Email-Kontakt wird Ihr gew\u00fcnschtes System zusammengestellt, dass sich f\u00fcr Sie ein m\u00f6glichst einfaches Handling ergibt.<\/p>\n<p>&nbsp;<\/p>\n","protected":false},"excerpt":{"rendered":"<p>Sie m\u00f6chten Ihre Feier selbst organisieren und es fehlt Ihnen nur an der Technik? Mieten Sie professionelle Licht- &amp; Tontechnik f\u00fcr Ihre Veranstaltung. Wir haben einen kleinen, aber feines Sortiment an Leihger\u00e4ten zusammengestellt, welche Sie Sich, das entsprechende technische Grundverst\u00e4ndnis vorausgesetzt, f\u00fcr Ihre Veranstaltung zum g\u00fcnstigen Festpreis ausleihen k\u00f6nnen.\u00a0 Sie k\u00f6nnen die Technik gern selbst&hellip; <br \/> <a class=\"button small blue\" href=\"https:\/\/www.dj-trautsch.de\/?page_id=10\">Weiterlesen<\/a><\/p>\n","protected":false},"author":1,"featured_media":0,"parent":0,"menu_order":0,"comment_status":"closed","ping_status":"closed","template":"","meta":{"footnotes":""},"class_list":["post-10","page","type-page","status-publish","hentry"],"_links":{"self":[{"href":"https:\/\/www.dj-trautsch.de\/index.php?rest_route=\/wp\/v2\/pages\/10","targetHints":{"allow":["GET"]}}],"collection":[{"href":"https:\/\/www.dj-trautsch.de\/index.php?rest_route=\/wp\/v2\/pages"}],"about":[{"href":"https:\/\/www.dj-trautsch.de\/index.php?rest_route=\/wp\/v2\/types\/page"}],"author":[{"embeddable":true,"href":"https:\/\/www.dj-trautsch.de\/index.php?rest_route=\/wp\/v2\/users\/1"}],"replies":[{"embeddable":true,"href":"https:\/\/www.dj-trautsch.de\/index.php?rest_route=%2Fwp%2Fv2%2Fcomments&post=10"}],"version-history":[{"count":10,"href":"https:\/\/www.dj-trautsch.de\/index.php?rest_route=\/wp\/v2\/pages\/10\/revisions"}],"predecessor-version":[{"id":232,"href":"https:\/\/www.dj-trautsch.de\/index.php?rest_route=\/wp\/v2\/pages\/10\/revisions\/232"}],"wp:attachment":[{"href":"https:\/\/www.dj-trautsch.de\/index.php?rest_route=%2Fwp%2Fv2%2Fmedia&parent=10"}],"curies":[{"name":"wp","href":"https:\/\/api.w.org\/{rel}","templated":true}]}}